{"id":12240,"date":"2026-04-14T15:29:08","date_gmt":"2026-04-14T13:29:08","guid":{"rendered":"https:\/\/5esaison.ch\/?post_type=product&#038;p=12240"},"modified":"2026-04-14T15:29:45","modified_gmt":"2026-04-14T13:29:45","slug":"heida-hauts-sommets-aoc-valais","status":"publish","type":"product","link":"https:\/\/5esaison.ch\/index.php\/produit\/heida-hauts-sommets-aoc-valais\/","title":{"rendered":"Heida Hauts Sommets AOC Valais"},"content":{"rendered":"<p>Les vins de notre gamme \u00ab\u2009Hauts Sommets\u2009\u00bb sont \u00e9lev\u00e9s dans des cuves de gr\u00e8s blanc, mat\u00e9riau noble par excellence. Ces r\u00e9cipients d\u00e9cuplent l\u2019expression du raisin et de son terroir. Le processus de vinification, qui met en avant la tension et la min\u00e9ralit\u00e9, d\u00e9bouche sur des vins dot\u00e9s d\u2019un \u00e9clat, d\u2019une puret\u00e9 et d\u2019une structure exceptionnels\u2009!<\/p>\n<p>Ces crus sont destin\u00e9s aux connaisseurs ou aux amateurs exigeants qui souhaitent \u00eatre \u00e0 la fois surpris et\u2026 s\u00e9duits.<\/p>\n","protected":false},"excerpt":{"rendered":"<p>Les vins de notre gamme \u00ab\u2009Hauts Sommets\u2009\u00bb sont \u00e9lev\u00e9s dans des cuves de gr\u00e8s blanc, mat\u00e9riau noble par excellence. Ces r\u00e9cipients d\u00e9cuplent l\u2019expression du raisin et de son terroir. Le processus de vinification, qui met en avant la tension et la min\u00e9ralit\u00e9, d\u00e9bouche sur des [&hellip;]<\/p>\n","protected":false},"featured_media":12146,"template":"","meta":[],"product_cat":[249],"product_tag":[248],"_links":{"self":[{"href":"https:\/\/5esaison.ch\/index.php\/wp-json\/wp\/v2\/product\/12240"}],"collection":[{"href":"https:\/\/5esaison.ch\/index.php\/wp-json\/wp\/v2\/product"}],"about":[{"href":"https:\/\/5esaison.ch\/index.php\/wp-json\/wp\/v2\/types\/product"}],"wp:featuredmedia":[{"embeddable":true,"href":"https:\/\/5esaison.ch\/index.php\/wp-json\/wp\/v2\/media\/12146"}],"wp:attachment":[{"href":"https:\/\/5esaison.ch\/index.php\/wp-json\/wp\/v2\/media?parent=12240"}],"wp:term":[{"taxonomy":"product_cat","embeddable":true,"href":"https:\/\/5esaison.ch\/index.php\/wp-json\/wp\/v2\/product_cat?post=12240"},{"taxonomy":"product_tag","embeddable":true,"href":"https:\/\/5esaison.ch\/index.php\/wp-json\/wp\/v2\/product_tag?post=12240"}],"curies":[{"name":"wp","href":"https:\/\/api.w.org\/{rel}","templated":true}]}}