{"id":12136,"date":"2025-01-08T18:15:22","date_gmt":"2025-01-08T17:15:22","guid":{"rendered":"https:\/\/5esaison.ch\/?post_type=product&#038;p=12136"},"modified":"2026-04-14T15:21:34","modified_gmt":"2026-04-14T13:21:34","slug":"rouge-arnaud-dole-aoc-valais","status":"publish","type":"product","link":"https:\/\/5esaison.ch\/index.php\/produit\/rouge-arnaud-dole-aoc-valais\/","title":{"rendered":"Le rouge d&rsquo;Arnaud D\u00f4le AOC Valais"},"content":{"rendered":"<p>La cuv\u00e9e sp\u00e9ciale Arnaud Boisset<\/p>\n","protected":false},"excerpt":{"rendered":"<p>La cuv\u00e9e sp\u00e9ciale Arnaud Boisset<\/p>\n","protected":false},"featured_media":12131,"template":"","meta":[],"product_cat":[253],"product_tag":[254],"_links":{"self":[{"href":"https:\/\/5esaison.ch\/index.php\/wp-json\/wp\/v2\/product\/12136"}],"collection":[{"href":"https:\/\/5esaison.ch\/index.php\/wp-json\/wp\/v2\/product"}],"about":[{"href":"https:\/\/5esaison.ch\/index.php\/wp-json\/wp\/v2\/types\/product"}],"wp:featuredmedia":[{"embeddable":true,"href":"https:\/\/5esaison.ch\/index.php\/wp-json\/wp\/v2\/media\/12131"}],"wp:attachment":[{"href":"https:\/\/5esaison.ch\/index.php\/wp-json\/wp\/v2\/media?parent=12136"}],"wp:term":[{"taxonomy":"product_cat","embeddable":true,"href":"https:\/\/5esaison.ch\/index.php\/wp-json\/wp\/v2\/product_cat?post=12136"},{"taxonomy":"product_tag","embeddable":true,"href":"https:\/\/5esaison.ch\/index.php\/wp-json\/wp\/v2\/product_tag?post=12136"}],"curies":[{"name":"wp","href":"https:\/\/api.w.org\/{rel}","templated":true}]}}