{"id":11887,"date":"2022-12-29T09:02:16","date_gmt":"2022-12-29T08:02:16","guid":{"rendered":"https:\/\/5esaison.ch\/?post_type=product&#038;p=11887"},"modified":"2026-04-14T10:16:23","modified_gmt":"2026-04-14T08:16:23","slug":"assemblage-rouge-aoc-valais","status":"publish","type":"product","link":"https:\/\/5esaison.ch\/index.php\/produit\/assemblage-rouge-aoc-valais\/","title":{"rendered":"Assemblage rouge AOC Valais"},"content":{"rendered":"<p>Assemblage rouge passerill\u00e9 \u00e9lev\u00e9 24 mois en barrique neuve. Assemblage puissant avec des notes de pruneau confit. Vendange en cagette contr\u00f4l\u00e9e grappe par grappe.<\/p>\n<p>&nbsp;<\/p>\n<p>Ces crus sont destin\u00e9s aux connaisseurs ou aux amateurs exigeants qui souhaitent \u00eatre \u00e0 la fois surpris et\u2026 s\u00e9duits.<\/p>\n","protected":false},"excerpt":{"rendered":"<p>Assemblage rouge passerill\u00e9 \u00e9lev\u00e9 24 mois en barrique neuve. Assemblage puissant avec des notes de pruneau confit. Vendange en cagette contr\u00f4l\u00e9e grappe par grappe. &nbsp; Ces crus sont destin\u00e9s aux connaisseurs ou aux amateurs exigeants qui souhaitent \u00eatre \u00e0 la fois surpris et\u2026 s\u00e9duits.<\/p>\n","protected":false},"featured_media":11891,"template":"","meta":[],"product_cat":[249],"product_tag":[248],"_links":{"self":[{"href":"https:\/\/5esaison.ch\/index.php\/wp-json\/wp\/v2\/product\/11887"}],"collection":[{"href":"https:\/\/5esaison.ch\/index.php\/wp-json\/wp\/v2\/product"}],"about":[{"href":"https:\/\/5esaison.ch\/index.php\/wp-json\/wp\/v2\/types\/product"}],"wp:featuredmedia":[{"embeddable":true,"href":"https:\/\/5esaison.ch\/index.php\/wp-json\/wp\/v2\/media\/11891"}],"wp:attachment":[{"href":"https:\/\/5esaison.ch\/index.php\/wp-json\/wp\/v2\/media?parent=11887"}],"wp:term":[{"taxonomy":"product_cat","embeddable":true,"href":"https:\/\/5esaison.ch\/index.php\/wp-json\/wp\/v2\/product_cat?post=11887"},{"taxonomy":"product_tag","embeddable":true,"href":"https:\/\/5esaison.ch\/index.php\/wp-json\/wp\/v2\/product_tag?post=11887"}],"curies":[{"name":"wp","href":"https:\/\/api.w.org\/{rel}","templated":true}]}}