{"id":11282,"date":"2018-07-09T15:59:46","date_gmt":"2018-07-09T13:59:46","guid":{"rendered":"https:\/\/5esaison.ch\/?post_type=product&#038;p=11282"},"modified":"2024-02-12T08:17:36","modified_gmt":"2024-02-12T07:17:36","slug":"bacio-da-bombetta-assemblage-rouge-aoc-valais","status":"publish","type":"product","link":"https:\/\/5esaison.ch\/index.php\/produit\/bacio-da-bombetta-assemblage-rouge-aoc-valais\/","title":{"rendered":"Bacio da Bombetta Assemblage Rouge AOC Valais"},"content":{"rendered":"<p>Un grain de folie, un brin de magie<\/p>\n<p>Sa robe d\u2019un noir profond dot\u00e9e de beaux reflets ne laisse aucun doute sur la puissance et la complexit\u00e9 de ce vin rouge d\u2019exception. Au nez, il offre des parfums m\u00ealant les fruits confits, les pruneaux s\u00e9ch\u00e9s et les \u00e9pices. Onctueux en bouche, il livre aux papilles ses tannins vigoureux mais fondus. Passerill\u00e9es en cagettes, les grappes sont minutieusement vendang\u00e9es et tri\u00e9es \u00e0 la main. Ce grand cru est \u00e9lev\u00e9 en barriques.<\/p>\n<p>C\u00e9pages\u2009: Galotta et Humagne Rouge<\/p>\n<p>A savourer en excellente compagnie.<\/p>\n","protected":false},"excerpt":{"rendered":"<p>Un grain de folie, un brin de magie Sa robe d\u2019un noir profond dot\u00e9e de beaux reflets ne laisse aucun doute sur la puissance et la complexit\u00e9 de ce vin rouge d\u2019exception. Au nez, il offre des parfums m\u00ealant les fruits confits, les pruneaux s\u00e9ch\u00e9s [&hellip;]<\/p>\n","protected":false},"featured_media":11224,"template":"","meta":[],"product_cat":[232],"product_tag":[239],"_links":{"self":[{"href":"https:\/\/5esaison.ch\/index.php\/wp-json\/wp\/v2\/product\/11282"}],"collection":[{"href":"https:\/\/5esaison.ch\/index.php\/wp-json\/wp\/v2\/product"}],"about":[{"href":"https:\/\/5esaison.ch\/index.php\/wp-json\/wp\/v2\/types\/product"}],"wp:featuredmedia":[{"embeddable":true,"href":"https:\/\/5esaison.ch\/index.php\/wp-json\/wp\/v2\/media\/11224"}],"wp:attachment":[{"href":"https:\/\/5esaison.ch\/index.php\/wp-json\/wp\/v2\/media?parent=11282"}],"wp:term":[{"taxonomy":"product_cat","embeddable":true,"href":"https:\/\/5esaison.ch\/index.php\/wp-json\/wp\/v2\/product_cat?post=11282"},{"taxonomy":"product_tag","embeddable":true,"href":"https:\/\/5esaison.ch\/index.php\/wp-json\/wp\/v2\/product_tag?post=11282"}],"curies":[{"name":"wp","href":"https:\/\/api.w.org\/{rel}","templated":true}]}}