{"id":11006,"date":"2018-08-01T05:10:50","date_gmt":"2018-08-01T03:10:50","guid":{"rendered":"https:\/\/5esaison.ch\/?post_type=product&#038;p=11006"},"modified":"2026-04-14T09:50:26","modified_gmt":"2026-04-14T07:50:26","slug":"diolinoir-aoc-valais","status":"publish","type":"product","link":"https:\/\/5esaison.ch\/index.php\/produit\/diolinoir-aoc-valais\/","title":{"rendered":"Diolinoir AOC Valais"},"content":{"rendered":"<p>L\u2019amiti\u00e9 est l\u2019un des liens les plus pr\u00e9cieux que l\u2019on puisse tisser. Les dix crus de cette gamme en sont le reflet\u2009: ils sont doux, puissants, g\u00e9n\u00e9reux et authentiques. Formidable vitrine de la g\u00e9n\u00e9rosit\u00e9 de notre terroir, ils nous enchantent par la diversit\u00e9 des parfums et des saveurs qu\u2019ils nous offrent. Ces vins sont parfaitement adapt\u00e9s \u00e0 chaque occasion de c\u00e9l\u00e9brer les diff\u00e9rents liens qui nous unissent \u00e0 la vie.<\/p>\n","protected":false},"excerpt":{"rendered":"<p>L\u2019amiti\u00e9 est l\u2019un des liens les plus pr\u00e9cieux que l\u2019on puisse tisser. Les dix crus de cette gamme en sont le reflet\u2009: ils sont doux, puissants, g\u00e9n\u00e9reux et authentiques. Formidable vitrine de la g\u00e9n\u00e9rosit\u00e9 de notre terroir, ils nous enchantent par la diversit\u00e9 des parfums [&hellip;]<\/p>\n","protected":false},"featured_media":10955,"template":"","meta":[],"product_cat":[226],"product_tag":[240],"_links":{"self":[{"href":"https:\/\/5esaison.ch\/index.php\/wp-json\/wp\/v2\/product\/11006"}],"collection":[{"href":"https:\/\/5esaison.ch\/index.php\/wp-json\/wp\/v2\/product"}],"about":[{"href":"https:\/\/5esaison.ch\/index.php\/wp-json\/wp\/v2\/types\/product"}],"wp:featuredmedia":[{"embeddable":true,"href":"https:\/\/5esaison.ch\/index.php\/wp-json\/wp\/v2\/media\/10955"}],"wp:attachment":[{"href":"https:\/\/5esaison.ch\/index.php\/wp-json\/wp\/v2\/media?parent=11006"}],"wp:term":[{"taxonomy":"product_cat","embeddable":true,"href":"https:\/\/5esaison.ch\/index.php\/wp-json\/wp\/v2\/product_cat?post=11006"},{"taxonomy":"product_tag","embeddable":true,"href":"https:\/\/5esaison.ch\/index.php\/wp-json\/wp\/v2\/product_tag?post=11006"}],"curies":[{"name":"wp","href":"https:\/\/api.w.org\/{rel}","templated":true}]}}