{"id":10909,"date":"2018-06-30T23:53:02","date_gmt":"2018-06-30T21:53:02","guid":{"rendered":"https:\/\/5esaison.ch\/?post_type=product&#038;p=10909"},"modified":"2026-04-14T14:43:59","modified_gmt":"2026-04-14T12:43:59","slug":"gamay-de-martigny-aoc-valais","status":"publish","type":"product","link":"https:\/\/5esaison.ch\/index.php\/produit\/gamay-de-martigny-aoc-valais\/","title":{"rendered":"Gamay de Martigny AOC Valais"},"content":{"rendered":"<p>Valeurs traditionnelles de notre cave, les vins de Martigny expriment tout en finesse la vari\u00e9t\u00e9 des c\u00e9pages de notre r\u00e9gion. Le Fendant offre un nez floral teint\u00e9 de tilleul, alors que les Gamays (ros\u00e9 et rouge) se distinguent par leurs parfums fruit\u00e9s, avec des notes de fraises des bois et de myrtilles pour le rouge. En bouche, la gamme allie fra\u00eecheur, douceur, rondeur et richesse.<\/p>\n","protected":false},"excerpt":{"rendered":"<p>Valeurs traditionnelles de notre cave, les vins de Martigny expriment tout en finesse la vari\u00e9t\u00e9 des c\u00e9pages de notre r\u00e9gion. Le Fendant offre un nez floral teint\u00e9 de tilleul, alors que les Gamays (ros\u00e9 et rouge) se distinguent par leurs parfums fruit\u00e9s, avec des notes [&hellip;]<\/p>\n","protected":false},"featured_media":11589,"template":"","meta":[],"product_cat":[222],"product_tag":[244],"_links":{"self":[{"href":"https:\/\/5esaison.ch\/index.php\/wp-json\/wp\/v2\/product\/10909"}],"collection":[{"href":"https:\/\/5esaison.ch\/index.php\/wp-json\/wp\/v2\/product"}],"about":[{"href":"https:\/\/5esaison.ch\/index.php\/wp-json\/wp\/v2\/types\/product"}],"wp:featuredmedia":[{"embeddable":true,"href":"https:\/\/5esaison.ch\/index.php\/wp-json\/wp\/v2\/media\/11589"}],"wp:attachment":[{"href":"https:\/\/5esaison.ch\/index.php\/wp-json\/wp\/v2\/media?parent=10909"}],"wp:term":[{"taxonomy":"product_cat","embeddable":true,"href":"https:\/\/5esaison.ch\/index.php\/wp-json\/wp\/v2\/product_cat?post=10909"},{"taxonomy":"product_tag","embeddable":true,"href":"https:\/\/5esaison.ch\/index.php\/wp-json\/wp\/v2\/product_tag?post=10909"}],"curies":[{"name":"wp","href":"https:\/\/api.w.org\/{rel}","templated":true}]}}