{"id":10768,"date":"2018-06-09T02:11:55","date_gmt":"2018-06-09T00:11:55","guid":{"rendered":"https:\/\/5esaison.ch\/?page_id=10768"},"modified":"2026-02-09T15:50:40","modified_gmt":"2026-02-09T14:50:40","slug":"contact","status":"publish","type":"page","link":"https:\/\/5esaison.ch\/index.php\/contact\/","title":{"rendered":"Contact"},"content":{"rendered":"<div class=\"wpb-content-wrapper\"><p>[vc_row][vc_column width=\u00a0\u00bb1\/2&Prime;]<div class=\"eltdf-separator-holder clearfix  eltdf-separator-center eltdf-separator-normal\">\n\t<div class=\"eltdf-separator\" style=\"margin-top: 10px;margin-bottom: 10px\"><\/div>\n<\/div>\n<div class=\"eltdf-section-title-holder\" >\n\t\t\t<h5 class=\"eltdf-st-title\" >\n\t\t\t<span>\u00c9crivez-nous<\/span>\n\t\t<\/h5>\n                    <div class=\"eltdf-st-separator clearfix\">\n                <div class=\"eltdf-separator\" ><\/div>\n            <\/div>\n        \t\t\t<\/div>\n<div class=\"wpcf7 no-js\" id=\"wpcf7-f5-o1\" lang=\"fr-FR\" dir=\"ltr\">\n<div class=\"screen-reader-response\"><p role=\"status\" aria-live=\"polite\" aria-atomic=\"true\"><\/p> <ul><\/ul><\/div>\n<form action=\"\/index.php\/wp-json\/wp\/v2\/pages\/10768#wpcf7-f5-o1\" method=\"post\" class=\"wpcf7-form init\" aria-label=\"Formulaire de contact\" novalidate=\"novalidate\" data-status=\"init\">\n<div style=\"display: none;\">\n<input type=\"hidden\" name=\"_wpcf7\" value=\"5\" \/>\n<input type=\"hidden\" name=\"_wpcf7_version\" value=\"5.9.8\" \/>\n<input type=\"hidden\" name=\"_wpcf7_locale\" value=\"fr_FR\" \/>\n<input type=\"hidden\" name=\"_wpcf7_unit_tag\" value=\"wpcf7-f5-o1\" \/>\n<input type=\"hidden\" name=\"_wpcf7_container_post\" value=\"0\" \/>\n<input type=\"hidden\" name=\"_wpcf7_posted_data_hash\" value=\"\" \/>\n<\/div>\n<p><label> Votre nom (obligatoire)<br \/>\n<span class=\"wpcf7-form-control-wrap\" data-name=\"your-name\"><input size=\"40\" maxlength=\"400\" class=\"wpcf7-form-control wpcf7-text wpcf7-validates-as-required\" aria-required=\"true\" aria-invalid=\"false\" value=\"\" type=\"text\" name=\"your-name\" \/><\/span> <\/label>\n<\/p>\n<p><label> Votre adresse de messagerie (obligatoire)<br \/>\n<span class=\"wpcf7-form-control-wrap\" data-name=\"your-email\"><input size=\"40\" maxlength=\"400\" class=\"wpcf7-form-control wpcf7-email wpcf7-validates-as-required wpcf7-text wpcf7-validates-as-email\" aria-required=\"true\" aria-invalid=\"false\" value=\"\" type=\"email\" name=\"your-email\" \/><\/span> <\/label>\n<\/p>\n<p><label> Objet<br \/>\n<span class=\"wpcf7-form-control-wrap\" data-name=\"your-subject\"><input size=\"40\" maxlength=\"400\" class=\"wpcf7-form-control wpcf7-text\" aria-invalid=\"false\" value=\"\" type=\"text\" name=\"your-subject\" \/><\/span> <\/label>\n<\/p>\n<p><label> Votre message<br \/>\n<span class=\"wpcf7-form-control-wrap\" data-name=\"your-message\"><textarea cols=\"40\" rows=\"10\" maxlength=\"2000\" class=\"wpcf7-form-control wpcf7-textarea\" aria-invalid=\"false\" name=\"your-message\"><\/textarea><\/span> <\/label>\n<\/p>\n<p><input class=\"wpcf7-form-control wpcf7-submit has-spinner\" type=\"submit\" value=\"Envoyer\" \/>\n<\/p><div class=\"wpcf7-response-output\" aria-hidden=\"true\"><\/div>\n<\/form>\n<\/div>\n[\/vc_column][vc_column width=\u00a0\u00bb1\/2&Prime;]<div class=\"eltdf-separator-holder clearfix  eltdf-separator-center eltdf-separator-normal\">\n\t<div class=\"eltdf-separator\" style=\"margin-top: 10px;margin-bottom: 10px\"><\/div>\n<\/div>\n<div class=\"eltdf-section-title-holder\" >\n\t\t\t<h5 class=\"eltdf-st-title\" >\n\t\t\t<span>Coordonn\u00e9es<\/span>\n\t\t<\/h5>\n                    <div class=\"eltdf-st-separator clearfix\">\n                <div class=\"eltdf-separator\" ><\/div>\n            <\/div>\n        \t\t\t<\/div><div class=\"eltdf-icon-list-holder\" >\n\t<div class=\"eltdf-il-icon-holder\">\n\t\t<i class=\"eltdf-icon-font-awesome fa fa-map \" style=\"\" ><\/i>\t<\/div>\n\t<p class=\"eltdf-il-text\" > La Cinqui\u00e8me Saison SA - Case Postale 618 \u00b7 Rue Ch\u00e2ble-Bet 10 \u00b7 1920 Martigny 1<\/p>\n<\/div><div class=\"eltdf-icon-list-holder\" >\n\t<div class=\"eltdf-il-icon-holder\">\n\t\t<i class=\"eltdf-icon-font-awesome fa fa-phone \" style=\"\" ><\/i>\t<\/div>\n\t<p class=\"eltdf-il-text\" > T\u00e9l\u00e9phone 027 722 34 85 \u2022 Portable 079 332 28 78 \u2022 Fax 027 722 34 51<\/p>\n<\/div><div class=\"eltdf-icon-list-holder\" >\n\t<div class=\"eltdf-il-icon-holder\">\n\t\t<i class=\"eltdf-icon-font-awesome fa fa-envelope \" style=\"\" ><\/i>\t<\/div>\n\t<p class=\"eltdf-il-text\" > cave@5esaison.ch<\/p>\n<\/div><div class=\"eltdf-separator-holder clearfix  eltdf-separator-center eltdf-separator-normal\">\n\t<div class=\"eltdf-separator\" style=\"margin-top: 10px;margin-bottom: 10px\"><\/div>\n<\/div>\n[vc_gmaps link=\u00a0\u00bb#E-8_JTNDaWZyYW1lJTIwc3JjJTNEJTIyaHR0cHMlM0ElMkYlMkZ3d3cuZ29vZ2xlLmNvbSUyRm1hcHMlMkZlbWJlZCUzRnBiJTNEJTIxMW0xOCUyMTFtMTIlMjExbTMlMjExZDI3NjYuNTY4MzkyNjcxMjMwNCUyMTJkNy4wODM5NzEzMTU1Nzg4NCUyMTNkNDYuMDk5NTc5OTc5MTEzNTY0JTIxMm0zJTIxMWYwJTIxMmYwJTIxM2YwJTIxM20yJTIxMWkxMDI0JTIxMmk3NjglMjE0ZjEzLjElMjEzbTMlMjExbTIlMjExczB4MCUyNTNBMHgwJTIxMnpORGJDc0RBMUp6VTRMalVpVGlBM3dyQXdOU2N4TUM0eUlrVSUyMTVlMCUyMTNtMiUyMTFzZnIlMjEyc21hJTIxNHYxNTMwNzAxNTUxOTQ0JTIyJTIwaGVpZ2h0JTNEJTIyNDcwJTIyJTIwZnJhbWVib3JkZXIlM0QlMjIwJTIyJTIwc3R5bGUlM0QlMjJib3JkZXIlM0EwJTIyJTIwYWxsb3dmdWxsc2NyZWVuJTNFJTNDJTJGaWZyYW1lJTNF\u00a0\u00bb size=\u00a0\u00bb470&Prime;][\/vc_column][\/vc_row][vc_row][vc_column]<div class=\"eltdf-separator-holder clearfix  eltdf-separator-center eltdf-separator-normal\">\n\t<div class=\"eltdf-separator\" style=\"margin-top: 50px;margin-bottom: 20px\"><\/div>\n<\/div>\n[\/vc_column][\/vc_row][vc_row][vc_column width=\u00a0\u00bb1\/3&Prime;]<div class=\"eltdf-separator-holder clearfix  eltdf-separator-center eltdf-separator-normal\">\n\t<div class=\"eltdf-separator\" style=\"margin-top: 10px;margin-bottom: 10px\"><\/div>\n<\/div>\n<div class=\"eltdf-section-title-holder\" >\n\t\t\t<h5 class=\"eltdf-st-title\" >\n\t\t\t<span>Ouverture<\/span>\n\t\t<\/h5>\n                    <div class=\"eltdf-st-separator clearfix\">\n                <div class=\"eltdf-separator\" ><\/div>\n            <\/div>\n        \t\t\t<\/div>[vc_column_text]Du lundi au vendredi de 10h \u00e0 12h et de 14h \u00e0 18h<br \/>\nLe samedi de 8h \u00e0 12h<\/p>\n<p>Vente et d\u00e9gustation \u00e0 la cave tous les jours sur rendez-vous[\/vc_column_text][\/vc_column][vc_column width=\u00a0\u00bb1\/3&Prime;]<div class=\"eltdf-separator-holder clearfix  eltdf-separator-center eltdf-separator-normal\">\n\t<div class=\"eltdf-separator\" style=\"margin-top: 10px;margin-bottom: 10px\"><\/div>\n<\/div>\n<div class=\"eltdf-section-title-holder\" >\n\t\t\t<h5 class=\"eltdf-st-title\" >\n\t\t\t<span>Conditions<\/span>\n\t\t<\/h5>\n                    <div class=\"eltdf-st-separator clearfix\">\n                <div class=\"eltdf-separator\" ><\/div>\n            <\/div>\n        \t\t\t<\/div>[vc_column_text]TVA 8,1\u2009% incluse.<br \/>\nPaiement comptant escompte 2\u2009%.<br \/>\nPaiement par cartes net.<br \/>\nEnvoi par poste\u2009: port et emballage en plus.<\/p>\n<p>Les emballages restent notre propri\u00e9t\u00e9<br \/>\njusqu\u2019au paiement int\u00e9gral de la facture.[\/vc_column_text][\/vc_column][vc_column width=\u00a0\u00bb1\/3&Prime;]<div class=\"eltdf-separator-holder clearfix  eltdf-separator-center eltdf-separator-normal\">\n\t<div class=\"eltdf-separator\" style=\"margin-top: 10px;margin-bottom: 10px\"><\/div>\n<\/div>\n<div class=\"eltdf-section-title-holder\" >\n\t\t\t<h5 class=\"eltdf-st-title\" >\n\t\t\t<span>Emballages<\/span>\n\t\t<\/h5>\n                    <div class=\"eltdf-st-separator clearfix\">\n                <div class=\"eltdf-separator\" ><\/div>\n            <\/div>\n        \t\t\t<\/div>[vc_column_text]20 x 37,5 cl<br \/>\n15 x 50 cl<br \/>\n12 x 75 cl<br \/>\n12 x 100 cl<br \/>\nGamme Laura Chaplin<br \/>\n6 x 75 cl[\/vc_column_text][\/vc_column][\/vc_row][vc_row][vc_column]<div class=\"eltdf-separator-holder clearfix  eltdf-separator-center eltdf-separator-normal\">\n\t<div class=\"eltdf-separator\" style=\"margin-top: 20px;margin-bottom: 20px\"><\/div>\n<\/div>\n[\/vc_column][\/vc_row]<\/p>\n<\/div>","protected":false},"excerpt":{"rendered":"<p>[vc_row][vc_column width=\u00a0\u00bb1\/2&Prime;][\/vc_column][vc_column width=\u00a0\u00bb1\/2&Prime;][vc_gmaps link=\u00a0\u00bb#E-8_JTNDaWZyYW1lJTIwc3JjJTNEJTIyaHR0cHMlM0ElMkYlMkZ3d3cuZ29vZ2xlLmNvbSUyRm1hcHMlMkZlbWJlZCUzRnBiJTNEJTIxMW0xOCUyMTFtMTIlMjExbTMlMjExZDI3NjYuNTY4MzkyNjcxMjMwNCUyMTJkNy4wODM5NzEzMTU1Nzg4NCUyMTNkNDYuMDk5NTc5OTc5MTEzNTY0JTIxMm0zJTIxMWYwJTIxMmYwJTIxM2YwJTIxM20yJTIxMWkxMDI0JTIxMmk3NjglMjE0ZjEzLjElMjEzbTMlMjExbTIlMjExczB4MCUyNTNBMHgwJTIxMnpORGJDc0RBMUp6VTRMalVpVGlBM3dyQXdOU2N4TUM0eUlrVSUyMTVlMCUyMTNtMiUyMTFzZnIlMjEyc21hJTIxNHYxNTMwNzAxNTUxOTQ0JTIyJTIwaGVpZ2h0JTNEJTIyNDcwJTIyJTIwZnJhbWVib3JkZXIlM0QlMjIwJTIyJTIwc3R5bGUlM0QlMjJib3JkZXIlM0EwJTIyJTIwYWxsb3dmdWxsc2NyZWVuJTNFJTNDJTJGaWZyYW1lJTNF\u00a0\u00bb size=\u00a0\u00bb470&Prime;][\/vc_column][\/vc_row][vc_row][vc_column][\/vc_column][\/vc_row][vc_row][vc_column width=\u00a0\u00bb1\/3&Prime;][vc_column_text]Du lundi au vendredi de 10h \u00e0 12h et de 14h \u00e0 18h Le samedi de 8h \u00e0 12h Vente et d\u00e9gustation \u00e0 la cave tous les jours sur rendez-vous[\/vc_column_text][\/vc_column][vc_column width=\u00a0\u00bb1\/3&Prime;][vc_column_text]TVA 8,1\u2009% incluse. Paiement comptant escompte 2\u2009%. Paiement par cartes [&hellip;]<\/p>\n","protected":false},"author":1,"featured_media":0,"parent":0,"menu_order":0,"comment_status":"closed","ping_status":"closed","template":"","meta":{"footnotes":""},"_links":{"self":[{"href":"https:\/\/5esaison.ch\/index.php\/wp-json\/wp\/v2\/pages\/10768"}],"collection":[{"href":"https:\/\/5esaison.ch\/index.php\/wp-json\/wp\/v2\/pages"}],"about":[{"href":"https:\/\/5esaison.ch\/index.php\/wp-json\/wp\/v2\/types\/page"}],"author":[{"embeddable":true,"href":"https:\/\/5esaison.ch\/index.php\/wp-json\/wp\/v2\/users\/1"}],"replies":[{"embeddable":true,"href":"https:\/\/5esaison.ch\/index.php\/wp-json\/wp\/v2\/comments?post=10768"}],"version-history":[{"count":52,"href":"https:\/\/5esaison.ch\/index.php\/wp-json\/wp\/v2\/pages\/10768\/revisions"}],"predecessor-version":[{"id":12224,"href":"https:\/\/5esaison.ch\/index.php\/wp-json\/wp\/v2\/pages\/10768\/revisions\/12224"}],"wp:attachment":[{"href":"https:\/\/5esaison.ch\/index.php\/wp-json\/wp\/v2\/media?parent=10768"}],"curies":[{"name":"wp","href":"https:\/\/api.w.org\/{rel}","templated":true}]}}