{"id":10757,"date":"2018-06-09T01:17:02","date_gmt":"2018-06-08T23:17:02","guid":{"rendered":"https:\/\/5esaison.ch\/?page_id=10757"},"modified":"2024-02-19T15:11:00","modified_gmt":"2024-02-19T14:11:00","slug":"la-cave","status":"publish","type":"page","link":"https:\/\/5esaison.ch\/index.php\/la-cave\/","title":{"rendered":"La cave"},"content":{"rendered":"<div class=\"wpb-content-wrapper\"><p>[vc_row][vc_column]<div class=\"eltdf-section-title-holder\" style=\"text-align: center\">\n\t\t\t<h2 class=\"eltdf-st-title\" style=\"color: #ba8748\">\n\t\t\t<span>Pr\u00e9sentation de la cave<\/span>\n\t\t<\/h2>\n                    <div class=\"eltdf-st-separator clearfix\">\n                <div class=\"eltdf-separator\" ><\/div>\n            <\/div>\n        \t\t\t<\/div>[\/vc_column][\/vc_row][vc_row][vc_column width=\u00a0\u00bb1\/6&Prime;][\/vc_column][vc_column width=\u00a0\u00bb2\/3&Prime;][vc_column_text css=\u00a0\u00bb.vc_custom_1708351856589{padding-bottom: 50px !important;}\u00a0\u00bb]<\/p>\n<p style=\"text-align: justify;\">Le vin est une po\u00e9sie. Ses strophes se d\u00e9lient une \u00e0 une pour s\u00e9duire nos sens et toucher nos c\u0153urs.<\/p>\n<p>Depuis 1987, notre cave \u00e9labore des vins tout en douceur, en valorisant la typicit\u00e9 des c\u00e9pages et des terroirs. Nous poss\u00e9dons 9 hectares de vignes et travaillons avec une trentaine de fournisseurs qui partagent notre passion pour la qualit\u00e9. Une vendange soigneusement s\u00e9lectionn\u00e9e, alli\u00e9e \u00e0 un savoir-faire permettant \u00e0 chaque grappe de r\u00e9v\u00e9ler sa plus pure expression\u2026 Voici notre univers.<\/p>\n<p>Un univers que nous avons rebaptis\u00e9 \u00e0 l\u2019occasion de notre 30e anniversaire c\u00e9l\u00e9br\u00e9 en 2017. D\u00e9sormais, ce n\u2019est plus la cave Alexis Jacqu\u00e9rioz mais la cave La Cinqui\u00e8me Saison, du nom de notre cru \u00e9ponyme, qui vous ouvre grand ses portes \u00e0 la rue du Ch\u00e2ble-Bet o\u00f9 nous avons pris nos quartiers en 2006, apr\u00e8s avoir migr\u00e9 du pied du ch\u00e2teau de la B\u00e2tiaz.<span class=\"Apple-converted-space\">\u00a0<\/span><\/p>\n<p>C\u2019est l\u00e0 que nos vins sont \u00e9lev\u00e9s et mis en bouteille. Six gammes composent notre offre riche et vari\u00e9e, susceptibles de s\u00e9duire tous les palais. La s\u00e9lection Hauts Sommets est d\u00e9di\u00e9e aux plus exigeants.<\/p>\n<p>Notre espace de d\u00e9gustation nous permet de recevoir une trentaine de personnes dans un cadre chaleureux. Toute l\u2019\u00e9quipe emmen\u00e9e par Michael Herminjard avec la complicit\u00e9 d\u2019Anne-Laure D\u00e9caillet, Maurice Combe et David Neury se r\u00e9jouit de votre visite.[\/vc_column_text][vc_single_image image=\u00a0\u00bb12012&Prime; img_size=\u00a0\u00bbfull\u00a0\u00bb alignment=\u00a0\u00bbcenter\u00a0\u00bb style=\u00a0\u00bbvc_box_border\u00a0\u00bb][\/vc_column][vc_column width=\u00a0\u00bb1\/6&Prime;][\/vc_column][\/vc_row][vc_row][vc_column][vc_separator color=\u00a0\u00bbwhite\u00a0\u00bb border_width=\u00a0\u00bb6&Prime;][\/vc_column][\/vc_row]<\/p>\n<\/div>","protected":false},"excerpt":{"rendered":"<p>[vc_row][vc_column][\/vc_column][\/vc_row][vc_row][vc_column width=\u00a0\u00bb1\/6&Prime;][\/vc_column][vc_column width=\u00a0\u00bb2\/3&Prime;][vc_column_text css=\u00a0\u00bb.vc_custom_1708351856589{padding-bottom: 50px !important;}\u00a0\u00bb] Le vin est une po\u00e9sie. Ses strophes se d\u00e9lient une \u00e0 une pour s\u00e9duire nos sens et toucher nos c\u0153urs. Depuis 1987, notre cave \u00e9labore des vins tout en douceur, en valorisant la typicit\u00e9 des c\u00e9pages et des terroirs. [&hellip;]<\/p>\n","protected":false},"author":1,"featured_media":0,"parent":0,"menu_order":0,"comment_status":"closed","ping_status":"closed","template":"","meta":{"footnotes":""},"_links":{"self":[{"href":"https:\/\/5esaison.ch\/index.php\/wp-json\/wp\/v2\/pages\/10757"}],"collection":[{"href":"https:\/\/5esaison.ch\/index.php\/wp-json\/wp\/v2\/pages"}],"about":[{"href":"https:\/\/5esaison.ch\/index.php\/wp-json\/wp\/v2\/types\/page"}],"author":[{"embeddable":true,"href":"https:\/\/5esaison.ch\/index.php\/wp-json\/wp\/v2\/users\/1"}],"replies":[{"embeddable":true,"href":"https:\/\/5esaison.ch\/index.php\/wp-json\/wp\/v2\/comments?post=10757"}],"version-history":[{"count":54,"href":"https:\/\/5esaison.ch\/index.php\/wp-json\/wp\/v2\/pages\/10757\/revisions"}],"predecessor-version":[{"id":12014,"href":"https:\/\/5esaison.ch\/index.php\/wp-json\/wp\/v2\/pages\/10757\/revisions\/12014"}],"wp:attachment":[{"href":"https:\/\/5esaison.ch\/index.php\/wp-json\/wp\/v2\/media?parent=10757"}],"curies":[{"name":"wp","href":"https:\/\/api.w.org\/{rel}","templated":true}]}}